{"id":3273,"date":"2025-12-15T21:18:19","date_gmt":"2025-12-15T21:18:19","guid":{"rendered":"https:\/\/charmcosmetique.com\/?post_type=product&#038;p=3273"},"modified":"2026-04-01T13:51:00","modified_gmt":"2026-04-01T13:51:00","slug":"pack-eclat-unification","status":"publish","type":"product","link":"https:\/\/charmcosmetique.com\/ar\/product\/pack-eclat-unification\/","title":{"rendered":"Pack \u00c9clat &#038; Unification"},"content":{"rendered":"","protected":false},"excerpt":{"rendered":"<hr style=\"border:1px solid #1C1C1C; margin:15px 0 5px 0;\" \/>\n<h3 style=\"color:#1C1C1C; font-size:16px;\">\ud83c\udf38\u2728 \u0645\u062c\u0645\u0648\u0639\u0629 \u0627\u0644\u0639\u0646\u0627\u064a\u0629 \u0627\u0644\u0643\u0627\u0645\u0644\u0629 \u0628\u0627\u0644\u0648\u062c\u0647 \u2013 \u062a\u0646\u0638\u064a\u0641\u060c \u062a\u0641\u062a\u064a\u062d\u060c \u0648\u062a\u0631\u0637\u064a\u0628<\/h3>\n<p style=\"color:#1C1C1C;\">\n\u0627\u0645\u0646\u062d\u064a \u0628\u0634\u0631\u062a\u0643\u0650 \u0639\u0646\u0627\u064a\u0629 \u0645\u062a\u0643\u0627\u0645\u0644\u0629 \u0648\u0645\u062a\u0646\u0627\u063a\u0645\u0629 \u0645\u0639 \u0645\u062c\u0645\u0648\u0639\u0629 \u0627\u0644\u0639\u0646\u0627\u064a\u0629 \u0627\u0644\u0643\u0627\u0645\u0644\u0629 \u0628\u0627\u0644\u0648\u062c\u0647\u060c \u0627\u0644\u0645\u0635\u0645\u0645\u0629 \u0644\u062a\u0646\u0638\u064a\u0641 \u0648\u062a\u0641\u062a\u064a\u062d \u0648\u062a\u0631\u0637\u064a\u0628 \u0628\u0634\u0631\u062a\u0643\u0650 \u064a\u0648\u0645\u064a\u0627\u064b.\n<\/p>\n<p style=\"color:#1C1C1C;\"><strong>\u062a\u062d\u062a\u0648\u064a \u0647\u0630\u0647 \u0627\u0644\u0639\u0628\u0648\u0629 \u0639\u0644\u0649:<\/strong><\/p>\n<ul style=\"color:#1C1C1C;\">\n<li><strong>\u062c\u0644 \u062a\u0646\u0638\u064a\u0641 \u062a\u0641\u062a\u064a\u062d \u0627\u0644\u0628\u0634\u0631\u0629 \u0645\u0646 \u0646\u064a\u0644\u0627<\/strong> - \u064a\u0646\u0642\u064a \u0648\u064a\u0648\u062d\u062f \u0648\u064a\u0636\u0641\u064a \u0646\u0636\u0627\u0631\u0629 \u0648\u0625\u0634\u0631\u0627\u0642\u0627\u064b.<\/li>\n<li><strong>\u0633\u064a\u0631\u0648\u0645 \u0641\u064a\u062a\u0627\u0645\u064a\u0646 \u0633\u064a<\/strong> \u2013 \u064a\u0639\u0645\u0644 \u0639\u0644\u0649 \u062a\u0641\u062a\u064a\u062d \u0627\u0644\u0628\u0634\u0631\u0629\u060c \u0648\u064a\u0642\u0644\u0644 \u0645\u0646 \u0627\u0644\u0628\u0642\u0639 \u0627\u0644\u0635\u0628\u063a\u064a\u0629\u060c \u0648\u064a\u062d\u0627\u0631\u0628 \u0639\u0644\u0627\u0645\u0627\u062a \u0627\u0644\u0634\u064a\u062e\u0648\u062e\u0629.<\/li>\n<li><strong>\u0643\u0631\u064a\u0645 \u0646\u0627\u064a\u0644 \u0627\u0644\u0645\u0631\u0637\u0628 \u0627\u0644\u0646\u0647\u0627\u0631\u064a<\/strong> - \u064a\u0631\u0637\u0628 \u0627\u0644\u0628\u0634\u0631\u0629 \u0628\u0639\u0645\u0642\u060c \u0648\u064a\u062d\u0645\u064a\u0647\u0627\u060c \u0648\u064a\u0648\u062d\u062f \u0644\u0648\u0646\u0647\u0627 \u0644\u062a\u0648\u0641\u064a\u0631 \u0631\u0627\u062d\u0629 \u062a\u062f\u0648\u0645 \u0637\u0648\u064a\u0644\u0627\u064b.<\/li>\n<\/ul>\n<hr style=\"border:1px solid #1C1C1C; margin:15px 0 5px 0;\" \/>\n<h3 style=\"color:#1C1C1C; font-size:16px;\">\u2728 \u0645\u0632\u0627\u064a\u0627 \u0627\u0644\u0628\u0627\u0642\u0629<\/h3>\n<ul style=\"color:#1C1C1C;\">\n<li>\u064a\u0646\u0638\u0641 \u0627\u0644\u0628\u0634\u0631\u0629 \u0648\u064a\u0646\u0642\u064a\u0647\u0627 \u0628\u0644\u0637\u0641 \u0628\u0641\u0636\u0644 \u062c\u0644 \u0646\u064a\u0644\u0627.<\/li>\n<li>\u0627\u0645\u0646\u062d \u0628\u0634\u0631\u062a\u0643 \u0625\u0634\u0631\u0627\u0642\u0629 \u0648\u0646\u0636\u0627\u0631\u0629 \u0645\u0639 \u0633\u064a\u0631\u0648\u0645 \u0641\u064a\u062a\u0627\u0645\u064a\u0646 \u0633\u064a.<\/li>\n<li>\u0631\u0637\u0628\u064a \u0628\u0634\u0631\u062a\u0643\u0650 \u0628\u0639\u0645\u0642 \u0648\u062d\u0645\u064a\u0647\u0627 \u0637\u0648\u0627\u0644 \u0627\u0644\u064a\u0648\u0645 \u0628\u0627\u0633\u062a\u062e\u062f\u0627\u0645 \u0643\u0631\u064a\u0645 \u0627\u0644\u0646\u0647\u0627\u0631.<\/li>\n<li>\u064a\u062d\u0633\u0646 \u0645\u0644\u0645\u0633 \u0627\u0644\u0628\u0634\u0631\u0629 \u0648\u064a\u0645\u0646\u0639 \u0638\u0647\u0648\u0631 \u0639\u0644\u0627\u0645\u0627\u062a \u0627\u0644\u062a\u0639\u0628 \u0648\u0627\u0644\u0634\u064a\u062e\u0648\u062e\u0629.<\/li>\n<li>\u0645\u0646\u0627\u0633\u0628 \u0644\u062c\u0645\u064a\u0639 \u0623\u0646\u0648\u0627\u0639 \u0627\u0644\u0628\u0634\u0631\u0629\u060c \u062d\u062a\u0649 \u0627\u0644\u0623\u0643\u062b\u0631 \u062d\u0633\u0627\u0633\u064a\u0629.<\/li>\n<\/ul>\n<hr style=\"border:1px solid #1C1C1C; margin:15px 0 5px 0;\" \/>\n<h3 style=\"color:#1C1C1C; font-size:16px;\">\ud83d\udc86\u200d\u2640\ufe0f \u0646\u0635\u0627\u0626\u062d \u0627\u0644\u0627\u0633\u062a\u062e\u062f\u0627\u0645<\/h3>\n<ul style=\"color:#1C1C1C;\">\n<li>\u0627\u0628\u062f\u0626\u064a \u0628\u062a\u0646\u0638\u064a\u0641 \u0648\u062c\u0647\u0643 \u0628\u0627\u0633\u062a\u062e\u062f\u0627\u0645 <strong>\u062c\u0644 \u062a\u0646\u0638\u064a\u0641 \u062a\u0641\u062a\u064a\u062d \u0627\u0644\u0628\u0634\u0631\u0629 \u0645\u0646 \u0646\u064a\u0644\u0627<\/strong>.<\/li>\n<li>\u0636\u0639\u064a \u0628\u0636\u0639 \u0642\u0637\u0631\u0627\u062a \u0645\u0646 <strong>\u0633\u064a\u0631\u0648\u0645 \u0641\u064a\u062a\u0627\u0645\u064a\u0646 \u0633\u064a<\/strong> \u0639\u0644\u0649 \u0628\u0634\u0631\u0629 \u0646\u0638\u064a\u0641\u0629 \u0648\u062c\u0627\u0641\u0629 \u0644\u062a\u0641\u062a\u064a\u062d \u0644\u0648\u0646 \u0627\u0644\u0628\u0634\u0631\u0629.<\/li>\n<li>\u0627\u062e\u062a\u062a\u0645 \u0628\u0640 <strong>\u0643\u0631\u064a\u0645 \u0646\u0627\u064a\u0644 \u0627\u0644\u0645\u0631\u0637\u0628 \u0627\u0644\u0646\u0647\u0627\u0631\u064a<\/strong> \u0644\u062a\u0631\u0637\u064a\u0628 \u0648\u062d\u0645\u0627\u064a\u0629 \u0628\u0634\u0631\u062a\u0643 \u0637\u0648\u0627\u0644 \u0627\u0644\u064a\u0648\u0645.<\/li>\n<li>\u0627\u0633\u062a\u062e\u062f\u0645\u0647 \u064a\u0648\u0645\u064a\u0627\u064b\u060c \u0635\u0628\u0627\u062d\u0627\u064b \u0648\u0645\u0633\u0627\u0621\u064b\u060c \u0644\u0644\u062d\u0635\u0648\u0644 \u0639\u0644\u0649 \u0646\u062a\u0627\u0626\u062c \u0645\u062b\u0627\u0644\u064a\u0629 \u0648\u062f\u0627\u0626\u0645\u0629.<\/li>\n<\/ul>\n<hr style=\"border:1px solid #1C1C1C; margin:15px 0 5px 0;\" \/>\n<h3 style=\"color:#1C1C1C; font-size:16px;\">\u26a0\ufe0f \u0627\u062d\u062a\u064a\u0627\u0637\u0627\u062a \u0627\u0644\u0627\u0633\u062a\u062e\u062f\u0627\u0645<\/h3>\n<ul style=\"color:#1C1C1C;\">\n<li>\u062a\u062c\u0646\u0628 \u0645\u0644\u0627\u0645\u0633\u0629 \u0627\u0644\u0639\u064a\u0646\u064a\u0646 \u0645\u0628\u0627\u0634\u0631\u0629.<\/li>\n<li>\u0641\u064a \u062d\u0627\u0644\u0629 \u062d\u062f\u0648\u062b \u062a\u0647\u064a\u062c\u060c \u062a\u0648\u0642\u0641 \u0639\u0646 \u0627\u0644\u0627\u0633\u062a\u062e\u062f\u0627\u0645 \u0641\u0648\u0631\u0627\u064b.<\/li>\n<li>\u0642\u0645 \u0628\u0625\u062c\u0631\u0627\u0621 \u0627\u062e\u062a\u0628\u0627\u0631 \u062d\u0633\u0627\u0633\u064a\u0629 \u0627\u0644\u062c\u0644\u062f \u0642\u0628\u0644 \u0627\u0644\u0627\u0633\u062a\u062e\u062f\u0627\u0645 \u0627\u0644\u0623\u0648\u0644.<\/li>\n<li>\u0644\u0644\u0627\u0633\u062a\u062e\u062f\u0627\u0645 \u0627\u0644\u062e\u0627\u0631\u062c\u064a \u0641\u0642\u0637. \u064a\u064f\u062d\u0641\u0638 \u0628\u0639\u064a\u062f\u0627\u064b \u0639\u0646 \u0645\u062a\u0646\u0627\u0648\u0644 \u0627\u0644\u0623\u0637\u0641\u0627\u0644.<\/li>\n<\/ul>\n<hr style=\"border:1px solid #1C1C1C; margin:15px 0 5px 0;\" \/>\n<h3 style=\"color:#1C1C1C; font-size:16px;\">\ud83d\udce6 \u0646\u0635\u0627\u0626\u062d \u0627\u0644\u062a\u062e\u0632\u064a\u0646<\/h3>\n<p style=\"color:#1C1C1C;\">\nConservez chaque produit du pack dans un endroit <strong>\u0637\u0627\u0632\u062c \u0648\u062c\u0627\u0641<\/strong>, \u00e0 l\u2019abri de la lumi\u00e8re directe et de la chaleur. Refermez soigneusement les contenants apr\u00e8s chaque utilisation pour pr\u00e9server la <strong>fra\u00eecheur, la qualit\u00e9 et l\u2019efficacit\u00e9<\/strong> de chaque formule.\n<\/p>\n<hr style=\"border:1px solid #1C1C1C; margin:15px 0 5px 0;\" \/>\n<h3 style=\"color:#1C1C1C; font-size:16px;\">\ud83c\udf3f \u0627\u0644\u0645\u0643\u0648\u0646\u0627\u062a \u0627\u0644\u0631\u0626\u064a\u0633\u064a\u0629<\/h3>\n<ul style=\"color:#1C1C1C;\">\n<li><strong>\u062c\u0644 \u062a\u0646\u0638\u064a\u0641 \u062a\u0641\u062a\u064a\u062d \u0627\u0644\u0628\u0634\u0631\u0629 \u0645\u0646 \u0646\u064a\u0644\u0627:<\/strong> \u0646\u064a\u0644\u0627\u060c \u0645\u0633\u062a\u062e\u0644\u0635 \u0645\u0646 \u0646\u0628\u0627\u062a \u0627\u0644\u0623\u0631\u0642\u0637\u064a\u0648\u0646<\/li>\n<li><strong>\u0633\u064a\u0631\u0648\u0645 \u0641\u064a\u062a\u0627\u0645\u064a\u0646 \u0633\u064a:<\/strong> \u0641\u064a\u062a\u0627\u0645\u064a\u0646 \u0633\u064a \u0627\u0644\u0645\u0633\u062a\u0642\u0631<\/li>\n<li><strong>\u0643\u0631\u064a\u0645 \u0646\u064a\u0644\u0627 \u0627\u0644\u0645\u0631\u0637\u0628 \u0627\u0644\u0646\u0647\u0627\u0631\u064a:<\/strong> \u0646\u064a\u0644\u0627\u060c \u062d\u0645\u0636 \u0627\u0644\u0647\u064a\u0627\u0644\u0648\u0631\u0648\u0646\u064a\u0643<\/li>\n<\/ul>","protected":false},"featured_media":3274,"comment_status":"open","ping_status":"closed","template":"","meta":{"site-sidebar-layout":"default","site-content-layout":"","ast-site-content-layout":"default","site-content-style":"default","site-sidebar-style":"default","ast-global-header-display":"","ast-banner-title-visibility":"","ast-main-header-display":"","ast-hfb-above-header-display":"","ast-hfb-below-header-display":"","ast-hfb-mobile-header-display":"","site-post-title":"","ast-breadcrumbs-content":"","ast-featured-img":"","footer-sml-layout":"","ast-disable-related-posts":"","theme-transparent-header-meta":"default","adv-header-id-meta":"","stick-header-meta":"","header-above-stick-meta":"","header-main-stick-meta":"","header-below-stick-meta":"","astra-migrate-meta-layouts":"set","ast-page-background-enabled":"default","ast-page-background-meta":{"desktop":{"background-color":"var(--ast-global-color-4)","background-image":"","background-repeat":"repeat","background-position":"center center","background-size":"auto","background-attachment":"scroll","background-type":"","background-media":"","overlay-type":"","overlay-color":"","overlay-opacity":"","overlay-gradient":""},"tablet":{"background-color":"","background-image":"","background-repeat":"repeat","background-position":"center center","background-size":"auto","background-attachment":"scroll","background-type":"","background-media":"","overlay-type":"","overlay-color":"","overlay-opacity":"","overlay-gradient":""},"mobile":{"background-color":"","background-image":"","background-repeat":"repeat","background-position":"center center","background-size":"auto","background-attachment":"scroll","background-type":"","background-media":"","overlay-type":"","overlay-color":"","overlay-opacity":"","overlay-gradient":""}},"ast-content-background-meta":{"desktop":{"background-color":"var(--ast-global-color-5)","background-image":"","background-repeat":"repeat","background-position":"center center","background-size":"auto","background-attachment":"scroll","background-type":"","background-media":"","overlay-type":"","overlay-color":"","overlay-opacity":"","overlay-gradient":""},"tablet":{"background-color":"var(--ast-global-color-5)","background-image":"","background-repeat":"repeat","background-position":"center center","background-size":"auto","background-attachment":"scroll","background-type":"","background-media":"","overlay-type":"","overlay-color":"","overlay-opacity":"","overlay-gradient":""},"mobile":{"background-color":"var(--ast-global-color-5)","background-image":"","background-repeat":"repeat","background-position":"center center","background-size":"auto","background-attachment":"scroll","background-type":"","background-media":"","overlay-type":"","overlay-color":"","overlay-opacity":"","overlay-gradient":""}}},"product_brand":[],"product_cat":[32],"product_tag":[],"class_list":{"0":"post-3273","1":"product","2":"type-product","3":"status-publish","4":"has-post-thumbnail","6":"product_cat-nos-packs","7":"desktop-align-left","8":"tablet-align-left","9":"mobile-align-left","11":"first","12":"instock","13":"sale","14":"shipping-taxable","15":"purchasable","16":"product-type-simple"},"aioseo_notices":[],"_links":{"self":[{"href":"https:\/\/charmcosmetique.com\/ar\/wp-json\/wp\/v2\/product\/3273","targetHints":{"allow":["GET"]}}],"collection":[{"href":"https:\/\/charmcosmetique.com\/ar\/wp-json\/wp\/v2\/product"}],"about":[{"href":"https:\/\/charmcosmetique.com\/ar\/wp-json\/wp\/v2\/types\/product"}],"replies":[{"embeddable":true,"href":"https:\/\/charmcosmetique.com\/ar\/wp-json\/wp\/v2\/comments?post=3273"}],"wp:featuredmedia":[{"embeddable":true,"href":"https:\/\/charmcosmetique.com\/ar\/wp-json\/wp\/v2\/media\/3274"}],"wp:attachment":[{"href":"https:\/\/charmcosmetique.com\/ar\/wp-json\/wp\/v2\/media?parent=3273"}],"wp:term":[{"taxonomy":"product_brand","embeddable":true,"href":"https:\/\/charmcosmetique.com\/ar\/wp-json\/wp\/v2\/product_brand?post=3273"},{"taxonomy":"product_cat","embeddable":true,"href":"https:\/\/charmcosmetique.com\/ar\/wp-json\/wp\/v2\/product_cat?post=3273"},{"taxonomy":"product_tag","embeddable":true,"href":"https:\/\/charmcosmetique.com\/ar\/wp-json\/wp\/v2\/product_tag?post=3273"}],"curies":[{"name":"wp","href":"https:\/\/api.w.org\/{rel}","templated":true}]}}