{"id":2514,"date":"2025-12-11T23:30:03","date_gmt":"2025-12-11T23:30:03","guid":{"rendered":"https:\/\/charmcosmetique.com\/?post_type=product&#038;p=2514"},"modified":"2026-04-01T13:49:11","modified_gmt":"2026-04-01T13:49:11","slug":"serum-vitamine-c","status":"publish","type":"product","link":"https:\/\/charmcosmetique.com\/ar\/product\/serum-vitamine-c\/","title":{"rendered":"\u0633\u064a\u0631\u0648\u0645 \u0641\u064a\u062a\u0627\u0645\u064a\u0646 \u0633\u064a"},"content":{"rendered":"","protected":false},"excerpt":{"rendered":"<hr style=\"border: 1px solid #000; margin: 15px 0 5px 0;\" \/>\n<h3 style=\"color:#000; font-size:16px; font-weight:600; letter-spacing:0.3px;\">\n\ud83c\udf4a\u2728 \u0633\u064a\u0631\u0648\u0645 \u0641\u064a\u062a\u0627\u0645\u064a\u0646 \u0633\u064a \u2013 \u0625\u0634\u0631\u0627\u0642\u0629 \u0648\u062d\u064a\u0648\u064a\u0629<br \/>\n<\/h3>\n<p style=\"color:#222;\">\nOffrez \u00e0 votre peau un <strong>s\u00e9rum concentr\u00e9 en Vitamine C<\/strong> pour un teint lumineux et revitalis\u00e9.<br \/>\nIl aide \u00e0 <strong>r\u00e9duire les taches pigmentaires<\/strong> et \u00e0 pr\u00e9venir les signes de<br \/>\n<strong>fatigue et de vieillissement pr\u00e9matur\u00e9<\/strong>.<br \/>\nSa texture l\u00e9g\u00e8re est rapidement absorb\u00e9e, laissant la peau<br \/>\n<strong>douce et \u00e9clatante<\/strong> jour apr\u00e8s jour.\n<\/p>\n<hr style=\"border: 1px solid #000; margin: 15px 0 5px 0;\" \/>\n<h3 style=\"color:#000; font-size:16px; font-weight:600;\">\n\u2728 \u0627\u0644\u0641\u0648\u0627\u0626\u062f<br \/>\n<\/h3>\n<ul style=\"color:#222;\">\n<li>\ud83c\udf4a \u064a\u064f\u0636\u0641\u064a \u0625\u0634\u0631\u0627\u0642\u0629 \u0637\u0628\u064a\u0639\u064a\u0629 \u0639\u0644\u0649 \u0627\u0644\u0628\u0634\u0631\u0629.<\/li>\n<li>\ud83c\udf3f \u064a\u0642\u0644\u0644 \u0628\u0634\u0643\u0644 \u0648\u0627\u0636\u062d \u0645\u0646 \u0627\u0644\u0634\u0648\u0627\u0626\u0628 \u0648\u064a\u0648\u062d\u062f \u0644\u0648\u0646 \u0627\u0644\u0628\u0634\u0631\u0629.<\/li>\n<li>\ud83d\udca7 Prot\u00e8ge contre les signes de fatigue et du vieillissement pr\u00e9matur\u00e9.<\/li>\n<li>\u2728 \u0642\u0648\u0627\u0645 \u062e\u0641\u064a\u0641\u060c \u064a\u0645\u062a\u0635 \u0628\u0633\u0631\u0639\u0629.<\/li>\n<li>\ud83d\udc69 \u0645\u0646\u0627\u0633\u0628 \u0644\u062c\u0645\u064a\u0639 \u0623\u0646\u0648\u0627\u0639 \u0627\u0644\u0628\u0634\u0631\u0629.<\/li>\n<\/ul>\n<hr style=\"border: 1px solid #000; margin: 15px 0 5px 0;\" \/>\n<h3 style=\"color:#000; font-size:16px; font-weight:600;\">\n\ud83c\udf3f \u0627\u0644\u0645\u0643\u0648\u0646\u0627\u062a<br \/>\n<\/h3>\n<ul style=\"color:#222;\">\n<li><strong>Vitamine C (Acide L-Ascorbique)<\/strong> \u2013 ingr\u00e9dient actif principal.<\/li>\n<\/ul>\n<hr style=\"border: 1px solid #000; margin: 15px 0 5px 0;\" \/>\n<h3 style=\"color:#000; font-size:16px; font-weight:600;\">\n\ud83d\udca7 \u0646\u0635\u0627\u0626\u062d \u0627\u0644\u0627\u0633\u062a\u062e\u062f\u0627\u0645<br \/>\n<\/h3>\n<ul style=\"color:#222;\">\n<li>Appliquer quelques gouttes sur une <strong>peau propre et s\u00e8che<\/strong>, matin et soir.<\/li>\n<li>Masser d\u00e9licatement jusqu\u2019\u00e0 absorption compl\u00e8te.<\/li>\n<li>\u00c0 utiliser seul ou avant votre cr\u00e8me hydratante.<\/li>\n<\/ul>\n<hr style=\"border: 1px solid #000; margin: 15px 0 5px 0;\" \/>\n<h3 style=\"color:#000; font-size:16px; font-weight:600;\">\n\u26a0\ufe0f \u0627\u062d\u062a\u064a\u0627\u0637\u0627\u062a \u0627\u0644\u0627\u0633\u062a\u062e\u062f\u0627\u0645<br \/>\n<\/h3>\n<ul style=\"color:#222;\">\n<li>\u00c9viter le contact avec les yeux.<\/li>\n<li>Arr\u00eater l\u2019utilisation en cas d\u2019irritation.<\/li>\n<li>Effectuer un <strong>test cutan\u00e9<\/strong> avant la premi\u00e8re application.<\/li>\n<li>\u0644\u0644\u0627\u0633\u062a\u062e\u062f\u0627\u0645 \u0627\u0644\u062e\u0627\u0631\u062c\u064a \u0641\u0642\u0637. \u064a\u064f\u062d\u0641\u0638 \u0628\u0639\u064a\u062f\u0627\u064b \u0639\u0646 \u0645\u062a\u0646\u0627\u0648\u0644 \u0627\u0644\u0623\u0637\u0641\u0627\u0644.<\/li>\n<\/ul>\n<hr style=\"border: 1px solid #000; margin: 15px 0 5px 0;\" \/>\n<h3 style=\"color:#000; font-size:16px; font-weight:600;\">\n\ud83d\udce6 \u0646\u0635\u0627\u0626\u062d \u0627\u0644\u062a\u062e\u0632\u064a\u0646<br \/>\n<\/h3>\n<ul style=\"color:#222;\">\n<li>Conserver dans un endroit <strong>\u0637\u0627\u0632\u062c \u0648\u062c\u0627\u0641<\/strong>, \u00e0 l\u2019abri de la lumi\u00e8re et de la chaleur.<\/li>\n<li>Bien refermer le flacon apr\u00e8s chaque utilisation.<\/li>\n<\/ul>\n<hr style=\"border: 1px solid #000; margin: 15px 0 5px 0;\" \/>\n<div style=\"width: 1080px;\" class=\"wp-video\"><video class=\"wp-video-shortcode\" id=\"video-2514-1\" width=\"1080\" height=\"1920\" preload=\"metadata\" controls=\"controls\"><source type=\"video\/mp4\" src=\"https:\/\/charmcosmetique.com\/wp-content\/uploads\/2026\/01\/VN20260108_025720.mp4?_=1\" \/><a href=\"https:\/\/charmcosmetique.com\/wp-content\/uploads\/2026\/01\/VN20260108_025720.mp4\">https:\/\/charmcosmetique.com\/wp-content\/uploads\/2026\/01\/VN20260108_025720.mp4<\/a><\/video><\/div>","protected":false},"featured_media":2772,"comment_status":"open","ping_status":"closed","template":"","meta":{"site-sidebar-layout":"default","site-content-layout":"default","ast-site-content-layout":"default","site-content-style":"default","site-sidebar-style":"default","ast-global-header-display":"","ast-banner-title-visibility":"","ast-main-header-display":"","ast-hfb-above-header-display":"","ast-hfb-below-header-display":"","ast-hfb-mobile-header-display":"","site-post-title":"","ast-breadcrumbs-content":"","ast-featured-img":"","footer-sml-layout":"","ast-disable-related-posts":"","theme-transparent-header-meta":"default","adv-header-id-meta":"","stick-header-meta":"","header-above-stick-meta":"","header-main-stick-meta":"","header-below-stick-meta":"","astra-migrate-meta-layouts":"set","ast-page-background-enabled":"default","ast-page-background-meta":{"desktop":{"background-color":"var(--ast-global-color-4)","background-image":"","background-repeat":"repeat","background-position":"center center","background-size":"auto","background-attachment":"scroll","background-type":"","background-media":"","overlay-type":"","overlay-color":"","overlay-opacity":"","overlay-gradient":""},"tablet":{"background-color":"","background-image":"","background-repeat":"repeat","background-position":"center center","background-size":"auto","background-attachment":"scroll","background-type":"","background-media":"","overlay-type":"","overlay-color":"","overlay-opacity":"","overlay-gradient":""},"mobile":{"background-color":"","background-image":"","background-repeat":"repeat","background-position":"center center","background-size":"auto","background-attachment":"scroll","background-type":"","background-media":"","overlay-type":"","overlay-color":"","overlay-opacity":"","overlay-gradient":""}},"ast-content-background-meta":{"desktop":{"background-color":"var(--ast-global-color-5)","background-image":"","background-repeat":"repeat","background-position":"center center","background-size":"auto","background-attachment":"scroll","background-type":"","background-media":"","overlay-type":"","overlay-color":"","overlay-opacity":"","overlay-gradient":""},"tablet":{"background-color":"var(--ast-global-color-5)","background-image":"","background-repeat":"repeat","background-position":"center center","background-size":"auto","background-attachment":"scroll","background-type":"","background-media":"","overlay-type":"","overlay-color":"","overlay-opacity":"","overlay-gradient":""},"mobile":{"background-color":"var(--ast-global-color-5)","background-image":"","background-repeat":"repeat","background-position":"center center","background-size":"auto","background-attachment":"scroll","background-type":"","background-media":"","overlay-type":"","overlay-color":"","overlay-opacity":"","overlay-gradient":""}}},"product_brand":[],"product_cat":[30],"product_tag":[],"class_list":{"0":"post-2514","1":"product","2":"type-product","3":"status-publish","4":"has-post-thumbnail","6":"product_cat-soin-visage","7":"desktop-align-left","8":"tablet-align-left","9":"mobile-align-left","11":"first","12":"instock","13":"shipping-taxable","14":"purchasable","15":"product-type-simple"},"aioseo_notices":[],"_links":{"self":[{"href":"https:\/\/charmcosmetique.com\/ar\/wp-json\/wp\/v2\/product\/2514","targetHints":{"allow":["GET"]}}],"collection":[{"href":"https:\/\/charmcosmetique.com\/ar\/wp-json\/wp\/v2\/product"}],"about":[{"href":"https:\/\/charmcosmetique.com\/ar\/wp-json\/wp\/v2\/types\/product"}],"replies":[{"embeddable":true,"href":"https:\/\/charmcosmetique.com\/ar\/wp-json\/wp\/v2\/comments?post=2514"}],"wp:featuredmedia":[{"embeddable":true,"href":"https:\/\/charmcosmetique.com\/ar\/wp-json\/wp\/v2\/media\/2772"}],"wp:attachment":[{"href":"https:\/\/charmcosmetique.com\/ar\/wp-json\/wp\/v2\/media?parent=2514"}],"wp:term":[{"taxonomy":"product_brand","embeddable":true,"href":"https:\/\/charmcosmetique.com\/ar\/wp-json\/wp\/v2\/product_brand?post=2514"},{"taxonomy":"product_cat","embeddable":true,"href":"https:\/\/charmcosmetique.com\/ar\/wp-json\/wp\/v2\/product_cat?post=2514"},{"taxonomy":"product_tag","embeddable":true,"href":"https:\/\/charmcosmetique.com\/ar\/wp-json\/wp\/v2\/product_tag?post=2514"}],"curies":[{"name":"wp","href":"https:\/\/api.w.org\/{rel}","templated":true}]}}