{"id":2511,"date":"2025-12-11T23:30:03","date_gmt":"2025-12-11T23:30:03","guid":{"rendered":"https:\/\/charmcosmetique.com\/?post_type=product&#038;p=2511"},"modified":"2026-01-30T02:32:04","modified_gmt":"2026-01-30T02:32:04","slug":"gel-nettoyant","status":"publish","type":"product","link":"https:\/\/charmcosmetique.com\/ar\/product\/gel-nettoyant\/","title":{"rendered":"\u062c\u0644 \u0627\u0644\u062a\u0646\u0638\u064a\u0641"},"content":{"rendered":"","protected":false},"excerpt":{"rendered":"<hr style=\"border:1px solid #000; margin:15px 0 5px 0;\" \/>\n<h3 style=\"color:#000; font-size:16px; font-weight:600; letter-spacing:0.3px;\">\n\ud83c\udf3f\u2728 \u062c\u0644 \u0646\u064a\u0644\u0627 \u0644\u062a\u0641\u062a\u064a\u062d \u0627\u0644\u0628\u0634\u0631\u0629 \u0648\u062a\u0646\u0638\u064a\u0641\u0647\u0627 \u2013 \u0639\u0644\u0627\u062c \u0645\u0646\u0642\u064a \u0648\u0645\u0648\u062d\u062f \u0644\u0644\u0628\u0634\u0631\u0629<br \/>\n<\/h3>\n<p style=\"color:#222;\">\nOffrez \u00e0 votre peau une sensation de puret\u00e9 et d\u2019\u00e9clat avec notre<br \/>\n<strong>\u062c\u0644 \u062a\u0646\u0638\u064a\u0641 \u062a\u0641\u062a\u064a\u062d \u0627\u0644\u0628\u0634\u0631\u0629 \u0645\u0646 \u0646\u064a\u0644\u0627<\/strong>.<br \/>\nSa formule douce, enrichie en <strong>poudre naturelle de Nila<\/strong> et<br \/>\n<strong>extrait de bardane<\/strong>, nettoie la peau en profondeur tout en respectant son \u00e9quilibre.<br \/>\nJour apr\u00e8s jour, le teint devient plus uniforme, les impuret\u00e9s sont \u00e9limin\u00e9es<br \/>\net la peau retrouve sa <strong>luminosit\u00e9 naturelle<\/strong>.\n<\/p>\n<hr style=\"border:1px solid #000; margin:15px 0 5px 0;\" \/>\n<h3 style=\"color:#000; font-size:16px; font-weight:600;\">\n\u2728 \u0627\u0644\u0641\u0648\u0627\u0626\u062f<br \/>\n<\/h3>\n<ul style=\"color:#222;\">\n<li>Nettoie et purifie la peau en profondeur sans l\u2019agresser.<\/li>\n<li>\u064a\u0633\u0627\u0639\u062f \u0639\u0644\u0649 \u062a\u0642\u0644\u064a\u0644 \u0627\u0644\u0634\u0648\u0627\u0626\u0628 \u0648\u062a\u0648\u062d\u064a\u062f \u0644\u0648\u0646 \u0627\u0644\u0628\u0634\u0631\u0629.<\/li>\n<li>Apporte \u00e9clat, douceur et sensation de fra\u00eecheur.<\/li>\n<li>\u0645\u0646\u0627\u0633\u0628 \u0644\u062c\u0645\u064a\u0639 \u0623\u0646\u0648\u0627\u0639 \u0627\u0644\u0628\u0634\u0631\u0629\u060c \u062d\u062a\u0649 \u0627\u0644\u0628\u0634\u0631\u0629 \u0627\u0644\u062d\u0633\u0627\u0633\u0629.<\/li>\n<\/ul>\n<hr style=\"border:1px solid #000; margin:15px 0 5px 0;\" \/>\n<h3 style=\"color:#000; font-size:16px; font-weight:600;\">\n\ud83e\uddf4 \u0646\u0635\u0627\u0626\u062d \u0627\u0644\u0627\u0633\u062a\u062e\u062f\u0627\u0645<br \/>\n<\/h3>\n<ul style=\"color:#222;\">\n<li>Appliquer une noisette de gel sur le visage humidifi\u00e9.<\/li>\n<li>Masser d\u00e9licatement par mouvements circulaires.<\/li>\n<li>Rincer abondamment \u00e0 l\u2019eau claire.<\/li>\n<li>Utiliser matin et soir pour une peau nette et un teint unifi\u00e9.<\/li>\n<\/ul>\n<hr style=\"border:1px solid #000; margin:15px 0 5px 0;\" \/>\n<h3 style=\"color:#000; font-size:16px; font-weight:600;\">\n\u26a0\ufe0f \u0627\u062d\u062a\u064a\u0627\u0637\u0627\u062a \u0627\u0644\u0627\u0633\u062a\u062e\u062f\u0627\u0645<br \/>\n<\/h3>\n<ul style=\"color:#222;\">\n<li>\u0644\u0644\u0627\u0633\u062a\u062e\u062f\u0627\u0645 \u0627\u0644\u062e\u0627\u0631\u062c\u064a \u0641\u0642\u0637.<\/li>\n<li>\u00c9viter le contour des yeux.<\/li>\n<li>En cas de contact avec les yeux, rincer imm\u00e9diatement \u00e0 l\u2019eau claire.<\/li>\n<li>\u064a\u062d\u0641\u0638 \u0628\u0639\u064a\u062f\u0627\u064b \u0639\u0646 \u0645\u062a\u0646\u0627\u0648\u0644 \u0627\u0644\u0623\u0637\u0641\u0627\u0644.<\/li>\n<\/ul>\n<hr style=\"border:1px solid #000; margin:15px 0 5px 0;\" \/>\n<h3 style=\"color:#000; font-size:16px; font-weight:600;\">\n\ud83d\udce6 \u0646\u0635\u0627\u0626\u062d \u0627\u0644\u062a\u062e\u0632\u064a\u0646<br \/>\n<\/h3>\n<p style=\"color:#222;\">\nConserver dans un endroit <strong>\u0637\u0627\u0632\u062c \u0648\u062c\u0627\u0641<\/strong>, \u00e0 l\u2019abri de la lumi\u00e8re et de l\u2019humidit\u00e9.<br \/>\nBien refermer le flacon apr\u00e8s chaque utilisation pour pr\u00e9server<br \/>\n<strong>l\u2019efficacit\u00e9 et la fra\u00eecheur<\/strong>.\n<\/p>\n<hr style=\"border:1px solid #000; margin:15px 0 5px 0;\" \/>\n<h3 style=\"color:#000; font-size:16px; font-weight:600;\">\n\ud83c\udf3f \u0627\u0644\u0645\u0643\u0648\u0646\u0627\u062a<br \/>\n<\/h3>\n<ul style=\"color:#222;\">\n<li><strong>\u0646\u064a\u0644\u0627<\/strong> : purifie et illumine le teint.<\/li>\n<li><strong>\u0645\u0633\u062a\u062e\u0644\u0635 \u0627\u0644\u0623\u0631\u0642\u0637\u064a\u0648\u0646<\/strong> : nettoie en profondeur et aide \u00e0 r\u00e9duire les imperfections.<\/li>\n<\/ul>\n<div style=\"width: 1080px;\" class=\"wp-video\"><video class=\"wp-video-shortcode\" id=\"video-2511-1\" width=\"1080\" height=\"1920\" preload=\"metadata\" controls=\"controls\"><source type=\"video\/mp4\" src=\"https:\/\/charmcosmetique.com\/wp-content\/uploads\/2026\/01\/VN20260107_212859.mp4?_=1\" \/><a href=\"https:\/\/charmcosmetique.com\/wp-content\/uploads\/2026\/01\/VN20260107_212859.mp4\">https:\/\/charmcosmetique.com\/wp-content\/uploads\/2026\/01\/VN20260107_212859.mp4<\/a><\/video><\/div>","protected":false},"featured_media":2773,"comment_status":"open","ping_status":"closed","template":"","meta":{"site-sidebar-layout":"no-sidebar","site-content-layout":"boxed-container","ast-site-content-layout":"normal-width-container","site-content-style":"boxed","site-sidebar-style":"boxed","ast-global-header-display":"","ast-banner-title-visibility":"","ast-main-header-display":"","ast-hfb-above-header-display":"","ast-hfb-below-header-display":"","ast-hfb-mobile-header-display":"","site-post-title":"","ast-breadcrumbs-content":"","ast-featured-img":"","footer-sml-layout":"","ast-disable-related-posts":"","theme-transparent-header-meta":"default","adv-header-id-meta":"","stick-header-meta":"","header-above-stick-meta":"","header-main-stick-meta":"","header-below-stick-meta":"","astra-migrate-meta-layouts":"set","ast-page-background-enabled":"default","ast-page-background-meta":{"desktop":{"background-color":"var(--ast-global-color-4)","background-image":"","background-repeat":"repeat","background-position":"center center","background-size":"auto","background-attachment":"scroll","background-type":"","background-media":"","overlay-type":"","overlay-color":"","overlay-opacity":"","overlay-gradient":""},"tablet":{"background-color":"","background-image":"","background-repeat":"repeat","background-position":"center center","background-size":"auto","background-attachment":"scroll","background-type":"","background-media":"","overlay-type":"","overlay-color":"","overlay-opacity":"","overlay-gradient":""},"mobile":{"background-color":"","background-image":"","background-repeat":"repeat","background-position":"center center","background-size":"auto","background-attachment":"scroll","background-type":"","background-media":"","overlay-type":"","overlay-color":"","overlay-opacity":"","overlay-gradient":""}},"ast-content-background-meta":{"desktop":{"background-color":"var(--ast-global-color-5)","background-image":"","background-repeat":"repeat","background-position":"center center","background-size":"auto","background-attachment":"scroll","background-type":"","background-media":"","overlay-type":"","overlay-color":"","overlay-opacity":"","overlay-gradient":""},"tablet":{"background-color":"var(--ast-global-color-5)","background-image":"","background-repeat":"repeat","background-position":"center center","background-size":"auto","background-attachment":"scroll","background-type":"","background-media":"","overlay-type":"","overlay-color":"","overlay-opacity":"","overlay-gradient":""},"mobile":{"background-color":"var(--ast-global-color-5)","background-image":"","background-repeat":"repeat","background-position":"center center","background-size":"auto","background-attachment":"scroll","background-type":"","background-media":"","overlay-type":"","overlay-color":"","overlay-opacity":"","overlay-gradient":""}}},"product_brand":[],"product_cat":[30],"product_tag":[],"class_list":{"0":"post-2511","1":"product","2":"type-product","3":"status-publish","4":"has-post-thumbnail","6":"product_cat-soin-visage","7":"desktop-align-left","8":"tablet-align-left","9":"mobile-align-left","11":"first","12":"instock","13":"shipping-taxable","14":"purchasable","15":"product-type-simple"},"aioseo_notices":[],"_links":{"self":[{"href":"https:\/\/charmcosmetique.com\/ar\/wp-json\/wp\/v2\/product\/2511","targetHints":{"allow":["GET"]}}],"collection":[{"href":"https:\/\/charmcosmetique.com\/ar\/wp-json\/wp\/v2\/product"}],"about":[{"href":"https:\/\/charmcosmetique.com\/ar\/wp-json\/wp\/v2\/types\/product"}],"replies":[{"embeddable":true,"href":"https:\/\/charmcosmetique.com\/ar\/wp-json\/wp\/v2\/comments?post=2511"}],"wp:featuredmedia":[{"embeddable":true,"href":"https:\/\/charmcosmetique.com\/ar\/wp-json\/wp\/v2\/media\/2773"}],"wp:attachment":[{"href":"https:\/\/charmcosmetique.com\/ar\/wp-json\/wp\/v2\/media?parent=2511"}],"wp:term":[{"taxonomy":"product_brand","embeddable":true,"href":"https:\/\/charmcosmetique.com\/ar\/wp-json\/wp\/v2\/product_brand?post=2511"},{"taxonomy":"product_cat","embeddable":true,"href":"https:\/\/charmcosmetique.com\/ar\/wp-json\/wp\/v2\/product_cat?post=2511"},{"taxonomy":"product_tag","embeddable":true,"href":"https:\/\/charmcosmetique.com\/ar\/wp-json\/wp\/v2\/product_tag?post=2511"}],"curies":[{"name":"wp","href":"https:\/\/api.w.org\/{rel}","templated":true}]}}