{"id":2508,"date":"2025-12-11T23:30:02","date_gmt":"2025-12-11T23:30:02","guid":{"rendered":"https:\/\/charmcosmetique.com\/?post_type=product&#038;p=2508"},"modified":"2026-04-01T13:48:40","modified_gmt":"2026-04-01T13:48:40","slug":"serum-cils-sourcils","status":"publish","type":"product","link":"https:\/\/charmcosmetique.com\/ar\/product\/serum-cils-sourcils\/","title":{"rendered":"\u0633\u064a\u0631\u0648\u0645 \u0644\u0644\u0631\u0645\u0648\u0634 \u0648\u0627\u0644\u062d\u0648\u0627\u062c\u0628"},"content":{"rendered":"","protected":false},"excerpt":{"rendered":"<p><span style=\"color: #1C1C1C; font-weight: bold;\">\ud83d\udc41\ufe0f\u200d\ud83e\udeb6 S\u00e9rum Cils &amp; Sourcils Naturel \u2013 Longueur, Force et Densit\u00e9<\/span><\/p>\n<p>Sublimez votre regard avec notre S\u00e9rum Cils &amp; Sourcils Naturel, sp\u00e9cialement formul\u00e9 pour stimuler la pousse, renforcer et nourrir les cils et sourcils.<br \/>\n\u064a\u0639\u0645\u0644 \u0642\u0648\u0627\u0645\u0647 \u0627\u0644\u062e\u0641\u064a\u0641 \u0648\u063a\u064a\u0631 \u0627\u0644\u062f\u0647\u0646\u064a \u0645\u0628\u0627\u0634\u0631\u0629 \u0639\u0644\u0649 \u0627\u0644\u062c\u0630\u0648\u0631 \u0644\u0644\u062d\u0635\u0648\u0644 \u0639\u0644\u0649 \u0631\u0645\u0648\u0634 \u0623\u0637\u0648\u0644 \u0648\u062d\u0648\u0627\u062c\u0628 \u0623\u0643\u062b\u0631 \u0643\u062b\u0627\u0641\u0629 \u0648\u0643\u062b\u0627\u0641\u0629 \u0637\u0628\u064a\u0639\u064a\u0629 \u0645\u0631\u0626\u064a\u0629 \u064a\u0648\u0645\u0627\u064b \u0628\u0639\u062f \u064a\u0648\u0645.<\/p>\n<hr style=\"border: 0; border-top: 2px solid #1C1C1C; margin: 20px 0;\" \/>\n<p><span style=\"color: #1C1C1C; font-weight: bold;\">\u2728 Les bienfaits du S\u00e9rum Cils &amp; Sourcils<\/span><\/p>\n<p>\u064a\u062d\u0641\u0632 \u0627\u0644\u0646\u0645\u0648 \u0627\u0644\u0637\u0628\u064a\u0639\u064a \u0644\u0644\u0631\u0645\u0648\u0634 \u0648\u0627\u0644\u062d\u0648\u0627\u062c\u0628<br \/>\n\u064a\u0642\u0648\u064a \u0627\u0644\u062c\u0630\u0648\u0631 \u0648\u064a\u062d\u062f \u0645\u0646 \u062a\u0633\u0627\u0642\u0637 \u0627\u0644\u0634\u0639\u0631<br \/>\n\u064a\u063a\u0630\u064a \u0627\u0644\u062c\u0633\u0645 \u0628\u0639\u0645\u0642 \u062f\u0648\u0646 \u0623\u0646 \u064a\u062b\u0642\u0644\u0647.<br \/>\n\u064a\u062d\u0633\u0646 \u0627\u0644\u0643\u062b\u0627\u0641\u0629 \u0648\u0627\u0644\u0633\u0645\u0627\u0643\u0629<br \/>\n\u064a\u0645\u0646\u062d \u0645\u0638\u0647\u0631\u0627\u064b \u0623\u0643\u062b\u0631 \u0643\u062b\u0627\u0641\u0629 \u0648\u062a\u062d\u062f\u064a\u062f\u0627\u064b \u0648\u062a\u0646\u0627\u063a\u0645\u0627\u064b  <\/p>\n<hr style=\"border: 0; border-top: 2px solid #1C1C1C; margin: 20px 0;\" \/>\n<p><span style=\"color: #1C1C1C; font-weight: bold;\">\ud83c\udf3f Ingr\u00e9dients naturels &amp; bienfaits<\/span><\/p>\n<p>\u0632\u064a\u062a \u0627\u0644\u062e\u0631\u0648\u0639<br \/>\n\u0645\u0646 \u0627\u0644\u0645\u0639\u0631\u0648\u0641 \u0623\u0646\u0647 \u064a\u062d\u0641\u0632 \u0646\u0645\u0648 \u0627\u0644\u0631\u0645\u0648\u0634 \u0648\u0627\u0644\u062d\u0648\u0627\u062c\u0628. \u0641\u0647\u0648 \u064a\u0642\u0648\u064a \u0627\u0644\u0623\u0644\u064a\u0627\u0641\u060c \u0648\u064a\u0639\u0632\u0632 \u0643\u062b\u0627\u0641\u062a\u0647\u0627\u060c \u0648\u064a\u0633\u0627\u0639\u062f \u0639\u0644\u0649 \u062a\u0642\u0644\u064a\u0644 \u0627\u0644\u062a\u0643\u0633\u0631.<\/p>\n<p>\u0632\u064a\u062a \u0627\u0644\u0623\u0631\u063a\u0627\u0646<br \/>\n\u063a\u0646\u064a \u0628\u0641\u064a\u062a\u0627\u0645\u064a\u0646 \u0647\u0640 \u0648\u0627\u0644\u0623\u062d\u0645\u0627\u0636 \u0627\u0644\u062f\u0647\u0646\u064a\u0629 \u0627\u0644\u0623\u0633\u0627\u0633\u064a\u0629. \u064a\u063a\u0630\u064a \u0627\u0644\u0634\u0639\u0631 \u0648\u064a\u062d\u0645\u064a\u0647 \u0648\u064a\u0642\u0648\u064a\u0647 \u0644\u064a\u0645\u0646\u062d\u0647 \u0645\u0638\u0647\u0631\u0627\u064b \u0623\u0643\u062b\u0631 \u0635\u062d\u0629 \u0648\u0644\u0645\u0639\u0627\u0646\u0627\u064b.<\/p>\n<p>\u0632\u064a\u062a \u0627\u0644\u0623\u0641\u0648\u0643\u0627\u062f\u0648<br \/>\n\u0641\u0647\u0648 \u064a\u0631\u0637\u0628 \u0648\u064a\u0635\u0644\u062d\u060c \u0648\u064a\u063a\u0630\u064a \u0628\u0639\u0645\u0642\u060c \u0648\u064a\u062d\u0633\u0646 \u0627\u0644\u0645\u0631\u0648\u0646\u0629\u060c \u0648\u064a\u062d\u0645\u064a \u0645\u0646 \u0627\u0644\u062c\u0641\u0627\u0641.<\/p>\n<hr style=\"border: 0; border-top: 2px solid #1C1C1C; margin: 20px 0;\" \/>\n<p><span style=\"color: #1C1C1C; font-weight: bold;\">\ud83d\udc86\u200d\u2640\ufe0f \u0637\u0631\u064a\u0642\u0629 \u0627\u0644\u0627\u0633\u062a\u062e\u062f\u0627\u0645<\/span><\/p>\n<p>\u0636\u0639\u064a \u0627\u0644\u0633\u064a\u0631\u0648\u0645 \u0641\u064a \u0627\u0644\u0645\u0633\u0627\u0621 \u0639\u0644\u0649 \u0627\u0644\u0631\u0645\u0648\u0634 \u0648\u0627\u0644\u062d\u0648\u0627\u062c\u0628 \u0627\u0644\u0646\u0638\u064a\u0641\u0629 \u0648\u0627\u0644\u062c\u0627\u0641\u0629\u060c \u0628\u0627\u0633\u062a\u062e\u062f\u0627\u0645 \u0627\u0644\u0641\u0631\u0634\u0627\u0629 \u0627\u0644\u062f\u0642\u064a\u0642\u0629.<br \/>\n\u0627\u062a\u0631\u0643\u064a\u0647 \u0637\u0648\u0627\u0644 \u0627\u0644\u0644\u064a\u0644 \u0644\u0639\u0644\u0627\u062c \u062a\u0631\u0645\u064a\u0645\u064a \u0645\u0643\u062b\u0641.<br \/>\n\u064a\u0648\u0635\u0649 \u0628\u0627\u0644\u0627\u0633\u062a\u062e\u062f\u0627\u0645 \u0627\u0644\u064a\u0648\u0645\u064a \u0644\u0644\u062d\u0635\u0648\u0644 \u0639\u0644\u0649 \u0646\u062a\u0627\u0626\u062c \u0648\u0627\u0636\u062d\u0629 \u0648\u062f\u0627\u0626\u0645\u0629.<\/p>\n<hr style=\"border: 0; border-top: 2px solid #1C1C1C; margin: 20px 0;\" \/>\n<p><span style=\"color: #1C1C1C; font-weight: bold;\">\u26a0\ufe0f \u0627\u062d\u062a\u064a\u0627\u0637\u0627\u062a \u0627\u0644\u0627\u0633\u062a\u062e\u062f\u0627\u0645<\/span><\/p>\n<p>\u062a\u062c\u0646\u0628 \u0645\u0644\u0627\u0645\u0633\u0629 \u0627\u0644\u0639\u064a\u0646\u064a\u0646 \u0645\u0628\u0627\u0634\u0631\u0629<br \/>\n\u0641\u064a \u062d\u0627\u0644\u0629 \u062d\u062f\u0648\u062b \u062a\u0647\u064a\u062c\u060c \u0627\u0634\u0637\u0641 \u0641\u0648\u0631\u0627\u064b \u0648\u062a\u0648\u0642\u0641 \u0639\u0646 \u0627\u0644\u0627\u0633\u062a\u062e\u062f\u0627\u0645.<br \/>\n\u0644\u0644\u0627\u0633\u062a\u062e\u062f\u0627\u0645 \u0627\u0644\u062e\u0627\u0631\u062c\u064a \u0641\u0642\u0637<br \/>\n\u064a\u062d\u0641\u0638 \u0628\u0639\u064a\u062f\u0627\u064b \u0639\u0646 \u0645\u062a\u0646\u0627\u0648\u0644 \u0627\u0644\u0623\u0637\u0641\u0627\u0644  <\/p>\n<hr style=\"border: 0; border-top: 2px solid #1C1C1C; margin: 20px 0;\" \/>\n<p><span style=\"color: #1C1C1C; font-weight: bold;\">\ud83d\udce6 \u0646\u0635\u0627\u0626\u062d \u0627\u0644\u062a\u062e\u0632\u064a\u0646<\/span><\/p>\n<p>Conserver le S\u00e9rum Cils &amp; Sourcils Naturel dans un endroit frais et sec, \u00e0 l\u2019abri de la chaleur et de la lumi\u00e8re directe.<br \/>\n\u0623\u063a\u0644\u0642 \u0627\u0644\u0639\u0628\u0648\u0629 \u0628\u0625\u062d\u0643\u0627\u0645 \u0628\u0639\u062f \u0643\u0644 \u0627\u0633\u062a\u062e\u062f\u0627\u0645 \u0644\u0644\u062d\u0641\u0627\u0638 \u0639\u0644\u0649 \u0646\u0636\u0627\u0631\u0629 \u0627\u0644\u0645\u0646\u062a\u062c \u0648\u0641\u0639\u0627\u0644\u064a\u062a\u0647.<\/p>\n<div style=\"width: 1080px;\" class=\"wp-video\"><video class=\"wp-video-shortcode\" id=\"video-2508-1\" width=\"1080\" height=\"1920\" preload=\"metadata\" controls=\"controls\"><source type=\"video\/mp4\" src=\"https:\/\/charmcosmetique.com\/wp-content\/uploads\/2026\/01\/VN20260108_030902.mp4?_=1\" \/><a href=\"https:\/\/charmcosmetique.com\/wp-content\/uploads\/2026\/01\/VN20260108_030902.mp4\">https:\/\/charmcosmetique.com\/wp-content\/uploads\/2026\/01\/VN20260108_030902.mp4<\/a><\/video><\/div>","protected":false},"featured_media":2784,"comment_status":"open","ping_status":"closed","template":"","meta":{"site-sidebar-layout":"default","site-content-layout":"default","ast-site-content-layout":"default","site-content-style":"default","site-sidebar-style":"default","ast-global-header-display":"","ast-banner-title-visibility":"","ast-main-header-display":"","ast-hfb-above-header-display":"","ast-hfb-below-header-display":"","ast-hfb-mobile-header-display":"","site-post-title":"","ast-breadcrumbs-content":"","ast-featured-img":"","footer-sml-layout":"","ast-disable-related-posts":"","theme-transparent-header-meta":"default","adv-header-id-meta":"","stick-header-meta":"","header-above-stick-meta":"","header-main-stick-meta":"","header-below-stick-meta":"","astra-migrate-meta-layouts":"set","ast-page-background-enabled":"default","ast-page-background-meta":{"desktop":{"background-color":"var(--ast-global-color-4)","background-image":"","background-repeat":"repeat","background-position":"center center","background-size":"auto","background-attachment":"scroll","background-type":"","background-media":"","overlay-type":"","overlay-color":"","overlay-opacity":"","overlay-gradient":""},"tablet":{"background-color":"","background-image":"","background-repeat":"repeat","background-position":"center center","background-size":"auto","background-attachment":"scroll","background-type":"","background-media":"","overlay-type":"","overlay-color":"","overlay-opacity":"","overlay-gradient":""},"mobile":{"background-color":"","background-image":"","background-repeat":"repeat","background-position":"center center","background-size":"auto","background-attachment":"scroll","background-type":"","background-media":"","overlay-type":"","overlay-color":"","overlay-opacity":"","overlay-gradient":""}},"ast-content-background-meta":{"desktop":{"background-color":"var(--ast-global-color-5)","background-image":"","background-repeat":"repeat","background-position":"center center","background-size":"auto","background-attachment":"scroll","background-type":"","background-media":"","overlay-type":"","overlay-color":"","overlay-opacity":"","overlay-gradient":""},"tablet":{"background-color":"var(--ast-global-color-5)","background-image":"","background-repeat":"repeat","background-position":"center center","background-size":"auto","background-attachment":"scroll","background-type":"","background-media":"","overlay-type":"","overlay-color":"","overlay-opacity":"","overlay-gradient":""},"mobile":{"background-color":"var(--ast-global-color-5)","background-image":"","background-repeat":"repeat","background-position":"center center","background-size":"auto","background-attachment":"scroll","background-type":"","background-media":"","overlay-type":"","overlay-color":"","overlay-opacity":"","overlay-gradient":""}}},"product_brand":[],"product_cat":[31],"product_tag":[],"class_list":{"0":"post-2508","1":"product","2":"type-product","3":"status-publish","4":"has-post-thumbnail","6":"product_cat-maquillage","7":"desktop-align-left","8":"tablet-align-left","9":"mobile-align-left","11":"first","12":"instock","13":"shipping-taxable","14":"purchasable","15":"product-type-simple"},"aioseo_notices":[],"_links":{"self":[{"href":"https:\/\/charmcosmetique.com\/ar\/wp-json\/wp\/v2\/product\/2508","targetHints":{"allow":["GET"]}}],"collection":[{"href":"https:\/\/charmcosmetique.com\/ar\/wp-json\/wp\/v2\/product"}],"about":[{"href":"https:\/\/charmcosmetique.com\/ar\/wp-json\/wp\/v2\/types\/product"}],"replies":[{"embeddable":true,"href":"https:\/\/charmcosmetique.com\/ar\/wp-json\/wp\/v2\/comments?post=2508"}],"wp:featuredmedia":[{"embeddable":true,"href":"https:\/\/charmcosmetique.com\/ar\/wp-json\/wp\/v2\/media\/2784"}],"wp:attachment":[{"href":"https:\/\/charmcosmetique.com\/ar\/wp-json\/wp\/v2\/media?parent=2508"}],"wp:term":[{"taxonomy":"product_brand","embeddable":true,"href":"https:\/\/charmcosmetique.com\/ar\/wp-json\/wp\/v2\/product_brand?post=2508"},{"taxonomy":"product_cat","embeddable":true,"href":"https:\/\/charmcosmetique.com\/ar\/wp-json\/wp\/v2\/product_cat?post=2508"},{"taxonomy":"product_tag","embeddable":true,"href":"https:\/\/charmcosmetique.com\/ar\/wp-json\/wp\/v2\/product_tag?post=2508"}],"curies":[{"name":"wp","href":"https:\/\/api.w.org\/{rel}","templated":true}]}}